{"id":106,"date":"2012-07-17T15:01:20","date_gmt":"2012-07-17T15:01:20","guid":{"rendered":"http:\/\/spd-wesertor.de\/?page_id=106"},"modified":"2024-04-28T22:42:39","modified_gmt":"2024-04-28T20:42:39","slug":"kontakt","status":"publish","type":"page","link":"https:\/\/spd-wesertor.de\/?page_id=106","title":{"rendered":"Kontakt"},"content":{"rendered":"<p><strong>Impressum<\/strong><\/p>\n<p><strong>Herausgeber:<\/strong><br \/>\nSPD Ortsverein Kassel-Wesertor<br \/>\nc\/o: Dietmar B\u00fcrger (Vorsitzender)<br \/>\nIm Grund 4a<br \/>\n34128 Kassel<br \/>\nEmail: info(\u00e4t)spd-wesertor.de<\/p>\n<p>(f\u00fcr (\u00e4t) \u201c@\u201d einsetzen)<\/p>\n<p><strong>Design und Entwicklung:<\/strong><br \/>\nMichael Kania (blueeyedmedia)<br \/>\nL\u00e4uft stressfrei mit dem Content-Management-System <a href=\"http:\/\/wordpress-deutschland.org\">WordPress<\/a>.<\/p>\n<p><strong>Haftungsausschluss:<\/strong><br \/>\nHinweise zum Urheberrecht: Alle innerhalb dieses Internetangebotes genannten und ggf. durch Dritte gesch\u00fctzten Marken- und Warenzeichen unterliegen uneingeschr\u00e4nkt den Bestimmungen des jeweils g\u00fcltigen Kennzeichenrechts und den Besitzrechten der jeweiligen eingetragenen Eigent\u00fcmer. Das Copyright f\u00fcr ver\u00f6ffentlichte, vom Herausgeber selbst erstellte Objekte bleibt allein beim Herausgeber des Internetangebots. Alle Inhalte dieses Internetangebotes sind ausschlie\u00dflich f\u00fcr den privaten Gebrauch freigegeben. Andere Verwendungszwecke bed\u00fcrfen der ausdr\u00fccklichen, schriftlichen Genehmigung durch den Herausgeber.<br \/>\nZur Darstellung und zum Betreiben dieser Homepage wird WordPress verwendet. WordPress ist ein kostenlos erh\u00e4ltliches System zum Gestalten von Webinhalten, vorrangig Weblogs. WordPress ist ein OpenSource-Projekt und unterliegt den Copyright- und Urheberrechtsbestimmungen der GNU GPL (General Public Licence).<\/p>\n<p>Inhalte und Verf\u00fcgbarkeit des Internetangebots:<br \/>\nEs besteht kein Anspruch auf Verf\u00fcgbarkeit dieses Internetangebotes. Der Herausgeber beh\u00e4lt sich vor, ohne vorherige Ank\u00fcndigung \u00c4nderungen an diesem Internetangebot vorzunehmen, einzelne Inhalte zu l\u00f6schen oder das Internetangebot g\u00e4nzlich einzustellen. Eine Haftung f\u00fcr die Richtigkeit und Vollst\u00e4ndigkeit der ver\u00f6ffentlichten Informationen innerhalb dieses Internetangebotes kann trotz sorgf\u00e4ltiger Pr\u00fcfung vom Herausgeber nicht \u00fcbernommen werden.<\/p>\n<p>Links und Verweise:<br \/>\nTrotz sorgf\u00e4ltiger inhaltlicher Kontrolle \u00fcbernimmt der Herausgeber dieses Internetangebotes keine Haftung f\u00fcr die Inhalte externer Links. F\u00fcr Inhalt und Darstellung der verlinkten Seiten sind ausschlie\u00dflich deren Betreiber verantwortlich.<\/p>\n<p>Datenschutz:<br \/>\nSofern innerhalb des Internetangebotes die M\u00f6glichkeit zur Eingabe pers\u00f6nlicher oder gesch\u00e4ftlicher Daten (Emailadressen, Namen, Anschriften) besteht, so erfolgt die Preisgabe dieser Daten seitens des Nutzers auf ausdr\u00fccklich freiwilliger Basis. Die Nutzung innerhalb dieses Internetangebotes angegebener Kontaktdaten wie Namen, Postanschriften, eMail-Adressen, Telefon- oder Telefaxnummern durch Dritte zur \u00dcbersendung von nicht ausdr\u00fccklich angeforderten Informationen ist nicht gestattet. Rechtliche Schritte gegen die Versender von sogenannten Spam-Mails bei Verst\u00f6\u00dfen gegen dieses Verbot beh\u00e4lt sich der Herausgeber dieses Internetangebotes ausdr\u00fccklich vor.<\/p>\n<p>Rechtswirksamkeit dieses Haftungsausschlusses:<br \/>\nDieser Haftungsausschluss ist als Teil des Internetangebotes zu betrachten, von dem aus auf diese Seite verwiesen wurde. Sofern Teile oder einzelne Formulierungen dieses Textes nicht, nicht mehr oder nicht vollst\u00e4ndig der geltenden Rechtslage entsprechen sollten, so bleiben die \u00fcbrigen Teile des Dokumentes in ihrem Inhalt und ihrer G\u00fcltigkeit davon unber\u00fchrt.<\/p>\n","protected":false},"excerpt":{"rendered":"<p>Impressum Herausgeber: SPD Ortsverein Kassel-Wesertor c\/o: Dietmar B\u00fcrger (Vorsitzender) Im Grund 4a 34128 Kassel Email: info(\u00e4t)spd-wesertor.de (f\u00fcr (\u00e4t) \u201c@\u201d einsetzen) Design und Entwicklung: Michael Kania (blueeyedmedia) L\u00e4uft stressfrei mit dem Content-Management-System WordPress. Haftungsausschluss: Hinweise zum Urheberrecht: Alle innerhalb dieses Internetangebotes &hellip; <a href=\"https:\/\/spd-wesertor.de\/?page_id=106\">Weiterlesen <span class=\"meta-nav\">&rarr;<\/span><\/a><\/p>\n","protected":false},"author":1,"featured_media":0,"parent":0,"menu_order":0,"comment_status":"open","ping_status":"open","template":"","meta":{"_crdt_document":"","footnotes":""},"class_list":["post-106","page","type-page","status-publish","hentry"],"jetpack_sharing_enabled":true,"_links":{"self":[{"href":"https:\/\/spd-wesertor.de\/index.php?rest_route=\/wp\/v2\/pages\/106","targetHints":{"allow":["GET"]}}],"collection":[{"href":"https:\/\/spd-wesertor.de\/index.php?rest_route=\/wp\/v2\/pages"}],"about":[{"href":"https:\/\/spd-wesertor.de\/index.php?rest_route=\/wp\/v2\/types\/page"}],"author":[{"embeddable":true,"href":"https:\/\/spd-wesertor.de\/index.php?rest_route=\/wp\/v2\/users\/1"}],"replies":[{"embeddable":true,"href":"https:\/\/spd-wesertor.de\/index.php?rest_route=%2Fwp%2Fv2%2Fcomments&post=106"}],"version-history":[{"count":8,"href":"https:\/\/spd-wesertor.de\/index.php?rest_route=\/wp\/v2\/pages\/106\/revisions"}],"predecessor-version":[{"id":870,"href":"https:\/\/spd-wesertor.de\/index.php?rest_route=\/wp\/v2\/pages\/106\/revisions\/870"}],"wp:attachment":[{"href":"https:\/\/spd-wesertor.de\/index.php?rest_route=%2Fwp%2Fv2%2Fmedia&parent=106"}],"curies":[{"name":"wp","href":"https:\/\/api.w.org\/{rel}","templated":true}]}}