{"id":144,"date":"2012-07-18T11:33:08","date_gmt":"2012-07-18T11:33:08","guid":{"rendered":"http:\/\/spd-wesertor.de\/?page_id=144"},"modified":"2021-12-20T12:22:37","modified_gmt":"2021-12-20T11:22:37","slug":"stadtrat","status":"publish","type":"page","link":"https:\/\/spd-wesertor.de\/?page_id=144","title":{"rendered":"Stadtrat"},"content":{"rendered":"<div id=\"attachment_600\" style=\"width: 310px\" class=\"wp-caption alignleft\"><a href=\"https:\/\/spd-wesertor.de\/wp-content\/uploads\/2010\/11\/meyer_spd_layout-4720.jpg\"><img loading=\"lazy\" decoding=\"async\" aria-describedby=\"caption-attachment-600\" class=\"wp-image-600 size-medium\" src=\"https:\/\/spd-wesertor.de\/wp-content\/uploads\/2010\/11\/meyer_spd_layout-4720-300x200.jpg\" alt=\"\" width=\"300\" height=\"200\" srcset=\"https:\/\/spd-wesertor.de\/wp-content\/uploads\/2010\/11\/meyer_spd_layout-4720-300x200.jpg 300w, https:\/\/spd-wesertor.de\/wp-content\/uploads\/2010\/11\/meyer_spd_layout-4720-e1486887274642-150x100.jpg 150w, https:\/\/spd-wesertor.de\/wp-content\/uploads\/2010\/11\/meyer_spd_layout-4720-768x512.jpg 768w, https:\/\/spd-wesertor.de\/wp-content\/uploads\/2010\/11\/meyer_spd_layout-4720-1024x683.jpg 1024w\" sizes=\"auto, (max-width: 300px) 100vw, 300px\" \/><\/a><p id=\"caption-attachment-600\" class=\"wp-caption-text\"><strong>Hendrik Jordan<\/strong><\/p><\/div>\n<p style=\"text-align: left;\"><strong>Hendrik Jordan<\/strong><br \/>\nist seit 2011 Stadtrat (ehrenamtliches Mitglied des Magistrats der Stadt Kassel).<br \/>\nAdresse: T\u00f6pfenmarkt 5, Telefon: 770849.<br \/>\nIhm ist das Wesertor ans Herz gewachsen.<br \/>\nSeit \u00fcber 30 Jahren engagiert er sich r\u00fchrig und mit vollem Einsatz f\u00fcr die Verbesserung der Lebensqualit\u00e4t in unserem Stadtteil. Hendrik Jordan war vor seiner Zeit als Magistratsmitglied von 1981-2011 Stadtverordneter<br \/>\nund Stadtteilbeauftragter der SPD-Fraktion f\u00fcr das Wesertor. Dar\u00fcber hinaus war er viele Jahre Stellv. Stadtverordnetenvorsteher<br \/>\nund von 2009-2011 Stadtverordnetenvorsteher der Stadt Kassel. Er war von 1979-2009 SPD-Ortsvereinsvorsitzender des Stadtteils Wesertor und von 2009-2021 Stellvertretender Vorsitzender der SPD Wesertor.<\/p>\n","protected":false},"excerpt":{"rendered":"<p>Hendrik Jordan ist seit 2011 Stadtrat (ehrenamtliches Mitglied des Magistrats der Stadt Kassel). Adresse: T\u00f6pfenmarkt 5, Telefon: 770849. Ihm ist das Wesertor ans Herz gewachsen. Seit \u00fcber 30 Jahren engagiert er sich r\u00fchrig und mit vollem Einsatz f\u00fcr die Verbesserung &hellip; <a href=\"https:\/\/spd-wesertor.de\/?page_id=144\">Weiterlesen <span class=\"meta-nav\">&rarr;<\/span><\/a><\/p>\n","protected":false},"author":1,"featured_media":0,"parent":0,"menu_order":0,"comment_status":"open","ping_status":"open","template":"","meta":{"_crdt_document":"","footnotes":""},"class_list":["post-144","page","type-page","status-publish","hentry"],"jetpack_sharing_enabled":true,"_links":{"self":[{"href":"https:\/\/spd-wesertor.de\/index.php?rest_route=\/wp\/v2\/pages\/144","targetHints":{"allow":["GET"]}}],"collection":[{"href":"https:\/\/spd-wesertor.de\/index.php?rest_route=\/wp\/v2\/pages"}],"about":[{"href":"https:\/\/spd-wesertor.de\/index.php?rest_route=\/wp\/v2\/types\/page"}],"author":[{"embeddable":true,"href":"https:\/\/spd-wesertor.de\/index.php?rest_route=\/wp\/v2\/users\/1"}],"replies":[{"embeddable":true,"href":"https:\/\/spd-wesertor.de\/index.php?rest_route=%2Fwp%2Fv2%2Fcomments&post=144"}],"version-history":[{"count":15,"href":"https:\/\/spd-wesertor.de\/index.php?rest_route=\/wp\/v2\/pages\/144\/revisions"}],"predecessor-version":[{"id":806,"href":"https:\/\/spd-wesertor.de\/index.php?rest_route=\/wp\/v2\/pages\/144\/revisions\/806"}],"wp:attachment":[{"href":"https:\/\/spd-wesertor.de\/index.php?rest_route=%2Fwp%2Fv2%2Fmedia&parent=144"}],"curies":[{"name":"wp","href":"https:\/\/api.w.org\/{rel}","templated":true}]}}