{"id":22,"date":"2010-11-23T11:58:24","date_gmt":"2010-11-23T11:58:24","guid":{"rendered":"http:\/\/spd-wesertor.de\/cms\/?page_id=22"},"modified":"2024-04-28T22:23:32","modified_gmt":"2024-04-28T20:23:32","slug":"start","status":"publish","type":"page","link":"https:\/\/spd-wesertor.de\/","title":{"rendered":""},"content":{"rendered":"<p><img loading=\"lazy\" decoding=\"async\" class=\"alignleft size-medium wp-image-793\" src=\"https:\/\/spd-wesertor.de\/wp-content\/uploads\/2021\/12\/20-013-19-Dietmar-Buerger-SPD-quadratisches-Motiv-Variante-2-fuer-Social-etc-rot-1920-px-300x300.png\" alt=\"\" width=\"300\" height=\"300\" srcset=\"https:\/\/spd-wesertor.de\/wp-content\/uploads\/2021\/12\/20-013-19-Dietmar-Buerger-SPD-quadratisches-Motiv-Variante-2-fuer-Social-etc-rot-1920-px-300x300.png 300w, https:\/\/spd-wesertor.de\/wp-content\/uploads\/2021\/12\/20-013-19-Dietmar-Buerger-SPD-quadratisches-Motiv-Variante-2-fuer-Social-etc-rot-1920-px-600x600.png 600w, https:\/\/spd-wesertor.de\/wp-content\/uploads\/2021\/12\/20-013-19-Dietmar-Buerger-SPD-quadratisches-Motiv-Variante-2-fuer-Social-etc-rot-1920-px-150x150.png 150w, https:\/\/spd-wesertor.de\/wp-content\/uploads\/2021\/12\/20-013-19-Dietmar-Buerger-SPD-quadratisches-Motiv-Variante-2-fuer-Social-etc-rot-1920-px-768x768.png 768w, https:\/\/spd-wesertor.de\/wp-content\/uploads\/2021\/12\/20-013-19-Dietmar-Buerger-SPD-quadratisches-Motiv-Variante-2-fuer-Social-etc-rot-1920-px-1536x1536.png 1536w, https:\/\/spd-wesertor.de\/wp-content\/uploads\/2021\/12\/20-013-19-Dietmar-Buerger-SPD-quadratisches-Motiv-Variante-2-fuer-Social-etc-rot-1920-px.png 1920w\" sizes=\"auto, (max-width: 300px) 100vw, 300px\" \/>Liebe Besucherin, lieber Besucher,<\/p>\n<p>vielen Dank, dass Sie auf unserer Homepage vorbeischauen. Sie soll Sie aktuell \u00fcber den SPD-Ortsverein Kassel-Wesertor und unsere politischen Vorstellungen informieren. Hier finden Sie unsere Vorstandsmitglieder, die Mitglieder des Ortsbeirats Wesertor und unseren Stadtrat Hendrik Jordan.<\/p>\n<p>Unser Wesertor, eingebettet zwischen Stra\u00dfen, Verkehr und der Stra\u00dfenbahn, liegt zwischen der Universit\u00e4t Kassel und der Fulda in unmittelbarer N\u00e4he zur Kasseler Innenstadt. Das Wesertor ist das Schulquartier der Stadt Kassel. Neben vielen Neubauten finden Sie mit der sanierten Zeughausruine und dem renovierten Karlshospital historische Zeugen der Vergangenheit.<br \/>\nVom B\u00fcrgi-Park, dem Kleingartenverein Sch\u00fctzenplatz bis zum neuen Fuldauferweg und den neu erschlossenen Fuldawiesen zwischen Katzensprung und Hafenbr\u00fccke existiert auch so mancher gr\u00fcne Streifen in unserem Stadtviertel.<br \/>\nDas Wesertor ist ein lebendiger und lebenswerter Stadtteil. Ein Stadtteil in dem viele junge und alte Menschen wohnen. Das Wesertor ist die neue Heimat von vielen Studierenden, die hier eine Wohnung in unmittelbarer N\u00e4he zur Universit\u00e4t finden. Und auch so manches Altenwohnheim ist im Wesertor ans\u00e4ssig, die guten Verkehrsverbindungen, die zentrale Lage und die Einkaufsm\u00f6glichkeiten machen es m\u00f6glich.<\/p>\n<p>Unsere politischen Ideen und Vorstellungen f\u00fcr diesen dynamischen und mobilen Stadtteil k\u00f6nnen Sie den folgenden Seiten entnehmen. Die SPD-Wesertor hat eine lange Tradition, sie k\u00fcmmert sich schon seit Jahrzehnten um das Wohl unseres Stadtteils. Nehmen Sie sich doch ein wenig Zeit und \u00fcberzeugen Sie sich von unseren Argumenten f\u00fcr ein lebens- und liebenswertes Wesertor.<\/p>\n<p>Mit freundlichen Gr\u00fc\u00dfen<\/p>\n<p>Ihr Dietmar B\u00fcrger<br \/>\nSPD-Ortsvereinsvorsitzender<br \/>\nKassel-Wesertor<\/p>\n","protected":false},"excerpt":{"rendered":"<p>Liebe Besucherin, lieber Besucher, vielen Dank, dass Sie auf unserer Homepage vorbeischauen. Sie soll Sie aktuell \u00fcber den SPD-Ortsverein Kassel-Wesertor und unsere politischen Vorstellungen informieren. Hier finden Sie unsere Vorstandsmitglieder, die Mitglieder des Ortsbeirats Wesertor und unseren Stadtrat Hendrik Jordan. &hellip; <a href=\"https:\/\/spd-wesertor.de\/\">Weiterlesen <span class=\"meta-nav\">&rarr;<\/span><\/a><\/p>\n","protected":false},"author":1,"featured_media":0,"parent":0,"menu_order":0,"comment_status":"closed","ping_status":"closed","template":"","meta":{"_crdt_document":"","footnotes":""},"class_list":["post-22","page","type-page","status-publish","hentry"],"jetpack_sharing_enabled":true,"_links":{"self":[{"href":"https:\/\/spd-wesertor.de\/index.php?rest_route=\/wp\/v2\/pages\/22","targetHints":{"allow":["GET"]}}],"collection":[{"href":"https:\/\/spd-wesertor.de\/index.php?rest_route=\/wp\/v2\/pages"}],"about":[{"href":"https:\/\/spd-wesertor.de\/index.php?rest_route=\/wp\/v2\/types\/page"}],"author":[{"embeddable":true,"href":"https:\/\/spd-wesertor.de\/index.php?rest_route=\/wp\/v2\/users\/1"}],"replies":[{"embeddable":true,"href":"https:\/\/spd-wesertor.de\/index.php?rest_route=%2Fwp%2Fv2%2Fcomments&post=22"}],"version-history":[{"count":26,"href":"https:\/\/spd-wesertor.de\/index.php?rest_route=\/wp\/v2\/pages\/22\/revisions"}],"predecessor-version":[{"id":863,"href":"https:\/\/spd-wesertor.de\/index.php?rest_route=\/wp\/v2\/pages\/22\/revisions\/863"}],"wp:attachment":[{"href":"https:\/\/spd-wesertor.de\/index.php?rest_route=%2Fwp%2Fv2%2Fmedia&parent=22"}],"curies":[{"name":"wp","href":"https:\/\/api.w.org\/{rel}","templated":true}]}}