{"id":692,"date":"2018-05-30T10:43:39","date_gmt":"2018-05-30T10:43:39","guid":{"rendered":"http:\/\/spd-wesertor.de\/?page_id=692"},"modified":"2018-05-30T10:43:39","modified_gmt":"2018-05-30T10:43:39","slug":"datenschutzerklaerung","status":"publish","type":"page","link":"https:\/\/spd-wesertor.de\/?page_id=692","title":{"rendered":"Datenschutzerkl\u00e4rung"},"content":{"rendered":"<p>Wir nehmen den Schutz Ihrer Privatsph\u00e4re und Ihrer privaten Daten ernst. Ihre personenbezogenen Daten werden in \u00dcbereinstimmung mit dem Inhalt dieser Datenschutzerkl\u00e4rung sowie den anwendbaren datenschutzrechtlichen Bestimmungen, insbesondere der europ\u00e4ischen Datenschutz-Grundverordnung (DS-GVO und den nationalen Datenschutzvorschriften verarbeitet. Mit dieser Datenschutzerkl\u00e4rung m\u00f6chten wir Sie \u00fcber Umfang, Art und Weise der Datenverarbeitung im Zusammenhang mit der Nutzung unserer Webseite und bei sonstiger Kontaktaufnahme mit uns informieren.<\/p>\n<p><strong>Name und Anschrift des Verantwortlichen <\/strong><\/p>\n<p>SPD-Ortsverein Kassel-Wesertor<br \/>\nDietmar B\u00fcrger (Vorsitzender)<br \/>\nIm Grund 4a<br \/>\n34128 Kassel<br \/>\nEmail: info(\u00e4t)spd-wesertor.de<\/p>\n<p>(f\u00fcr (\u00e4t) \u201c@\u201d einsetzen)<\/p>\n<p><strong>Welche personenbezogenen Daten wir sammeln und warum wir sie sammeln<\/strong><\/p>\n<p><strong>Kommentare<\/strong><br \/>\nWenn Besucher Kommentare auf der Website schreiben, sammeln wir die Daten, die im Kommentar-Formular angezeigt werden, au\u00dferdem die IP-Adresse des Besuchers und den User-Agent-String (damit wird der Browser identifiziert), um die Erkennung von Spam zu unterst\u00fctzen.<br \/>\nAus Ihrer E-Mail-Adresse kann eine anonymisierte Zeichenfolge erstellt (auch Hash genannt) und dem Gravatar-Dienst \u00fcbergeben werden, um zu pr\u00fcfen, ob Sie diesen benutzen. Die Datenschutzerkl\u00e4rung des Gravatar-Dienstes finden Sie hier: https:\/\/automattic.com\/privacy\/. Nachdem Ihr Kommentar freigegeben wurde, ist Ihr Profilbild \u00f6ffentlich im Kontext Ihres Kommentars sichtbar.<\/p>\n<p><strong>Kontaktformulare<\/strong><\/p>\n<p><strong>Cookies<\/strong><br \/>\nWenn Sie einen Kommentar auf unserer Website schreiben, kann das eine Einwilligung sein, Ihren Namen, E-Mail-Adresse und Website in Cookies zu speichern. Dies ist eine Komfortfunktion, damit Sie nicht, wenn Sie einen weiteren Kommentar schreiben, all diese Daten erneut eingeben m\u00fcssen. Diese Cookies werden ein Jahr lang gespeichert.<\/p>\n<p><strong>Eingebettete Inhalte von anderen Websites<\/strong><br \/>\nBeitr\u00e4ge auf dieser Website k\u00f6nnen eingebettete Inhalte beinhalten (z.\u00a0B. Videos, Bilder, Beitr\u00e4ge etc.). Eingebettete Inhalte von anderen Websites verhalten sich exakt so, als ob der Besucher die andere Website besucht h\u00e4tte.<\/p>\n<p>Diese Websites k\u00f6nnen Daten \u00fcber Sie sammeln, Cookies benutzen, zus\u00e4tzliche Tracking-Dienste von Dritten einbetten und Ihre Interaktion mit diesem eingebetteten Inhalt aufzeichnen, inklusive Ihrer Interaktion mit dem eingebetteten Inhalt, falls Sie ein Konto haben und auf dieser Website angemeldet sind.<\/p>\n<p><strong>Mit wem wir deine Daten teilen<\/strong><\/p>\n<p><strong>Bei Kontaktaufnahme, Umgang mit Anfragen<\/strong><br \/>\nWenn Sie uns Anfragen (einschlie\u00dflich Anregungen oder Kritik) zukommen lassen (per E-Mail, Post, m\u00fcndlich oder telefonisch), werden Ihre Angaben sowie die von Ihnen angegebenen Kontaktdaten zwecks Bearbeitung der Anfrage und f\u00fcr den Fall von Anschlussfragen bei uns gespeichert. Ihre Anfragen werden gegebenenfalls an fachlich zust\u00e4ndige Mitarbeiter der SPD weitergeleitet, wenn dies zur Beantwortung der Anfrage erforderlich ist und wir nicht von Ihrem entgegenstehenden Willen ausgehen m\u00fcssen. Davon abgesehen werden Ihre Daten nur mit Ihrer Einwilligung weitergegeben.<\/p>\n<p><strong>Datenl\u00f6schung\/Speicherdauer<\/strong><br \/>\nGrunds\u00e4tzlich werden personenbezogene Daten gel\u00f6scht, sobald der Zweck der Speicherung entf\u00e4llt und der L\u00f6schung keine vertraglichen oder gesetzlichen Aufbewahrungsfristen entgegenstehen.<\/p>\n<p><strong>Wohin wir Ihre Daten senden<\/strong><br \/>\nBesucher-Kommentare k\u00f6nnten von einem automatisierten Dienst zur Spam-Erkennung untersucht werden.<\/p>\n<p><strong>Datenschutzbeauftragter<\/strong><br \/>\nFalls Sie sonstige Fragen zum Umgang mit Ihren Daten haben, k\u00f6nnen Sie sich an unseren Datenschutzbeauftragten wenden:<\/p>\n<p><strong>Datenschutzbeauftragter beim SPD-Bezirk Hessen-Nord<\/strong><br \/>\nHumboldtstr. 8 A<br \/>\n34117 Kassel<br \/>\nTel. 0561-7001023<br \/>\n<a href=\"mailto:datenschutz.hessen-nord@spd.de\">datenschutz.hessen-nord@spd.de<\/a><\/p>\n","protected":false},"excerpt":{"rendered":"<p>Wir nehmen den Schutz Ihrer Privatsph\u00e4re und Ihrer privaten Daten ernst. Ihre personenbezogenen Daten werden in \u00dcbereinstimmung mit dem Inhalt dieser Datenschutzerkl\u00e4rung sowie den anwendbaren datenschutzrechtlichen Bestimmungen, insbesondere der europ\u00e4ischen Datenschutz-Grundverordnung (DS-GVO und den nationalen Datenschutzvorschriften verarbeitet. Mit dieser Datenschutzerkl\u00e4rung &hellip; <a href=\"https:\/\/spd-wesertor.de\/?page_id=692\">Weiterlesen <span class=\"meta-nav\">&rarr;<\/span><\/a><\/p>\n","protected":false},"author":1,"featured_media":0,"parent":0,"menu_order":0,"comment_status":"closed","ping_status":"closed","template":"","meta":{"_crdt_document":"","footnotes":""},"class_list":["post-692","page","type-page","status-publish","hentry"],"jetpack_sharing_enabled":true,"_links":{"self":[{"href":"https:\/\/spd-wesertor.de\/index.php?rest_route=\/wp\/v2\/pages\/692","targetHints":{"allow":["GET"]}}],"collection":[{"href":"https:\/\/spd-wesertor.de\/index.php?rest_route=\/wp\/v2\/pages"}],"about":[{"href":"https:\/\/spd-wesertor.de\/index.php?rest_route=\/wp\/v2\/types\/page"}],"author":[{"embeddable":true,"href":"https:\/\/spd-wesertor.de\/index.php?rest_route=\/wp\/v2\/users\/1"}],"replies":[{"embeddable":true,"href":"https:\/\/spd-wesertor.de\/index.php?rest_route=%2Fwp%2Fv2%2Fcomments&post=692"}],"version-history":[{"count":2,"href":"https:\/\/spd-wesertor.de\/index.php?rest_route=\/wp\/v2\/pages\/692\/revisions"}],"predecessor-version":[{"id":694,"href":"https:\/\/spd-wesertor.de\/index.php?rest_route=\/wp\/v2\/pages\/692\/revisions\/694"}],"wp:attachment":[{"href":"https:\/\/spd-wesertor.de\/index.php?rest_route=%2Fwp%2Fv2%2Fmedia&parent=692"}],"curies":[{"name":"wp","href":"https:\/\/api.w.org\/{rel}","templated":true}]}}